{"id":3,"date":"2022-09-01T11:30:02","date_gmt":"2022-09-01T11:30:02","guid":{"rendered":"https:\/\/domainedesvitarelles.fr\/?page_id=3"},"modified":"2022-09-05T08:51:31","modified_gmt":"2022-09-05T08:51:31","slug":"privacy-policy","status":"publish","type":"page","link":"https:\/\/domainedesvitarelles.fr\/index.php\/privacy-policy\/","title":{"rendered":"Politique de confidentialit\u00e9"},"content":{"rendered":"\n<ol class=\"wp-block-list\"><li>Collecte de l\u2019information<\/li><\/ol>\n\n\n\n<p>Nous ne collectons pas les informations personnelles des utilisateurs du site. Nous ne collectons pas de donn\u00e9es permettant d\u2019identifier une personne.<\/p>\n\n\n\n<p>Notre site internet n\u2019enregistre pas de statistiques sur les visiteurs et ne vous demande pas d\u2019informations personnelles, aucun cookie n\u2019est utilis\u00e9.<\/p>\n\n\n\n<ol class=\"wp-block-list\" start=\"2\"><li>Utilisation des informations<\/li><\/ol>\n\n\n\n<p>L\u2019adresse mail avec laquelle vous nous contactez peut \u00eatre utilis\u00e9e afin de vous informer sur l\u2019\u00e9volution de notre activit\u00e9 ou pour des communications avec notre service comptabilit\u00e9.<\/p>\n\n\n\n<ol class=\"wp-block-list\" start=\"3\"><li>Confidentialit\u00e9 et divulgation \u00e0 des tiers<\/li><\/ol>\n\n\n\n<p>Les informations saisies sur notre site ne seront en aucun cas vendues, \u00e9chang\u00e9es, transf\u00e9r\u00e9es, ou donn\u00e9es \u00e0 une autre soci\u00e9t\u00e9 pour n\u2019importe quelle raison, sans votre consentement. Nous ne divulguons aucune information \u00e0 aucun tiers.<\/p>\n\n\n\n<ol class=\"wp-block-list\" start=\"4\"><li>Protection des informations<\/li><\/ol>\n\n\n\n<p>Nous mettons en \u0153uvre de nombreuses mesures de s\u00e9curit\u00e9 pour pr\u00e9server la s\u00e9curit\u00e9 de vos informations. Toutes les donn\u00e9es sont crypt\u00e9es et les ordinateurs et serveurs utilis\u00e9s sont \u00e0 jour, sont \u00e9quip\u00e9s d\u2019outils de s\u00e9curisation et sont conserv\u00e9s dans un environnement s\u00e9curis\u00e9. Nos prestataires en charge de l\u2019h\u00e9bergement n\u2019ont pas acc\u00e8s \u00e0 nos donn\u00e9es. Nous travaillons avec des h\u00e9bergeurs fran\u00e7ais qui respectent les normes fran\u00e7aises et europ\u00e9ennes. Les donn\u00e9es que nous conservons sont stock\u00e9es dans des datacenters en France.<\/p>\n\n\n\n<ol class=\"wp-block-list\" start=\"5\"><li>Dur\u00e9e de conservation<\/li><\/ol>\n\n\n\n<p>Les donn\u00e9es que vous nous communiquez par courriel sont conserv\u00e9es deux ans \u00e0 des fins de suivi. Les adresses mail conserv\u00e9es par notre service comptabilit\u00e9 le sont un an apr\u00e8s la fin de toute relation contractuelle.<\/p>\n\n\n\n<ol class=\"wp-block-list\" start=\"6\"><li>Consentement<\/li><\/ol>\n\n\n\n<p>En utilisant notre site, vous consentez \u00e0 notre politique de confidentialit\u00e9.<\/p>\n\n\n\n<ol class=\"wp-block-list\" start=\"7\"><li>Vos droits<\/li><\/ol>\n\n\n\n<p>Vous disposez d\u2019un droit d\u2019acc\u00e8s, de rectification ou de suppression des donn\u00e9es. Vous avez aussi le droit de faire une r\u00e9clamation aupr\u00e8s d\u2019un organisme de contr\u00f4le, la CNIL en France.<\/p>\n\n\n\n<ol class=\"wp-block-list\" start=\"8\"><li>Coordonn\u00e9es du responsable du traitement<\/li><\/ol>\n\n\n\n<p>Pour toutes questions ou r\u00e9clamations concernant le traitement des donn\u00e9es, vous pouvez contacter notre Correspondant informatique et libert\u00e9s par mail ou courrier :<\/p>\n\n\n\n<ul class=\"wp-block-list\"><li>Domaine des Vitarelles<\/li><li>Chemin du verger<\/li><li>24170&nbsp;Cladech<\/li><\/ul>\n\n\n\n<figure class=\"wp-block-image size-full\"><img loading=\"lazy\" decoding=\"async\" width=\"249\" height=\"34\" src=\"https:\/\/domainedesvitarelles.fr\/wp-content\/uploads\/2022\/09\/image_mail.png\" alt=\"\" class=\"wp-image-19\"\/><\/figure>\n\n\n\n<ol class=\"wp-block-list\" start=\"9\"><li>Gestion des violations de donn\u00e9es<\/li><\/ol>\n\n\n\n<p>Malgr\u00e9 tous les moyens mis en \u0153uvre, si nous sommes confront\u00e9s \u00e0 des violations de donn\u00e9es (perte de disponibilit\u00e9, d\u2019int\u00e9grit\u00e9 ou de confidentialit\u00e9 de donn\u00e9es, de mani\u00e8re accidentelle ou illicite), nous notifierons dans les 72 heures l\u2019autorit\u00e9 de protection des donn\u00e9es, les utilisateurs et les personnes concern\u00e9es.<\/p>\n","protected":false},"excerpt":{"rendered":"<p>Collecte de l\u2019information Nous ne collectons pas les informations personnelles des utilisateurs du site. Nous ne collectons pas de donn\u00e9es permettant d\u2019identifier une personne. Notre site internet n\u2019enregistre pas de statistiques sur les visiteurs et ne vous demande pas d\u2019informations personnelles, aucun cookie n\u2019est utilis\u00e9. Utilisation des informations L\u2019adresse mail avec laquelle vous nous contactez &hellip; <\/p>\n<p class=\"link-more\"><a href=\"https:\/\/domainedesvitarelles.fr\/index.php\/privacy-policy\/\" class=\"more-link\">Continuer la lecture<span class=\"screen-reader-text\"> de &laquo;&nbsp;Politique de confidentialit\u00e9&nbsp;&raquo;<\/span><\/a><\/p>\n","protected":false},"author":1,"featured_media":0,"parent":0,"menu_order":0,"comment_status":"closed","ping_status":"closed","template":"","meta":{"footnotes":""},"class_list":["post-3","page","type-page","status-publish","hentry"],"_links":{"self":[{"href":"https:\/\/domainedesvitarelles.fr\/index.php\/wp-json\/wp\/v2\/pages\/3","targetHints":{"allow":["GET"]}}],"collection":[{"href":"https:\/\/domainedesvitarelles.fr\/index.php\/wp-json\/wp\/v2\/pages"}],"about":[{"href":"https:\/\/domainedesvitarelles.fr\/index.php\/wp-json\/wp\/v2\/types\/page"}],"author":[{"embeddable":true,"href":"https:\/\/domainedesvitarelles.fr\/index.php\/wp-json\/wp\/v2\/users\/1"}],"replies":[{"embeddable":true,"href":"https:\/\/domainedesvitarelles.fr\/index.php\/wp-json\/wp\/v2\/comments?post=3"}],"version-history":[{"count":2,"href":"https:\/\/domainedesvitarelles.fr\/index.php\/wp-json\/wp\/v2\/pages\/3\/revisions"}],"predecessor-version":[{"id":44,"href":"https:\/\/domainedesvitarelles.fr\/index.php\/wp-json\/wp\/v2\/pages\/3\/revisions\/44"}],"wp:attachment":[{"href":"https:\/\/domainedesvitarelles.fr\/index.php\/wp-json\/wp\/v2\/media?parent=3"}],"curies":[{"name":"wp","href":"https:\/\/api.w.org\/{rel}","templated":true}]}}