{"id":45,"date":"2022-09-05T08:59:21","date_gmt":"2022-09-05T08:59:21","guid":{"rendered":"https:\/\/domainedesvitarelles.fr\/?page_id=45"},"modified":"2022-09-05T08:59:21","modified_gmt":"2022-09-05T08:59:21","slug":"le-gite","status":"publish","type":"page","link":"https:\/\/domainedesvitarelles.fr\/index.php\/le-gite\/","title":{"rendered":"Le g\u00eete"},"content":{"rendered":"\n<h2 class=\"wp-block-heading\">L&rsquo;int\u00e9rieur<\/h2>\n\n\n\n<div class=\"wp-block-media-text alignwide is-stacked-on-mobile\"><figure class=\"wp-block-media-text__media\"><img loading=\"lazy\" decoding=\"async\" width=\"384\" height=\"306\" src=\"https:\/\/domainedesvitarelles.fr\/wp-content\/uploads\/2022\/09\/bv000002.jpg\" alt=\"\" class=\"wp-image-46 size-full\" srcset=\"https:\/\/domainedesvitarelles.fr\/wp-content\/uploads\/2022\/09\/bv000002.jpg 384w, https:\/\/domainedesvitarelles.fr\/wp-content\/uploads\/2022\/09\/bv000002-300x239.jpg 300w\" sizes=\"auto, (max-width: 384px) 100vw, 384px\" \/><\/figure><div class=\"wp-block-media-text__content\">\n<p>Cette cuisine am\u00e9ricaine tout \u00e9quip\u00e9e\u00a0 vous propose quatre feux \u00e0 gaz, un four, un micro-ondes, un lave-vaisselle, une friteuse \u00e9lectrique, un grille-pain, une cafeti\u00e8re \u00e9lectrique, un r\u00e9frig\u00e9rateur\/cong\u00e9lateur situ\u00e9 dans le cellier, et bien s\u00fbr tous les autres ustensiles n\u00e9cessaires pour votre s\u00e9jour. Le lave-linge et le s\u00e8che-linge sont dans la buanderie.<\/p>\n<\/div><\/div>\n\n\n\n<div class=\"wp-block-media-text alignwide has-media-on-the-right is-stacked-on-mobile\"><figure class=\"wp-block-media-text__media\"><img loading=\"lazy\" decoding=\"async\" width=\"384\" height=\"306\" src=\"https:\/\/domainedesvitarelles.fr\/wp-content\/uploads\/2022\/09\/bv000001.jpg\" alt=\"\" class=\"wp-image-47 size-full\" srcset=\"https:\/\/domainedesvitarelles.fr\/wp-content\/uploads\/2022\/09\/bv000001.jpg 384w, https:\/\/domainedesvitarelles.fr\/wp-content\/uploads\/2022\/09\/bv000001-300x239.jpg 300w\" sizes=\"auto, (max-width: 384px) 100vw, 384px\" \/><\/figure><div class=\"wp-block-media-text__content\">\n<p>Dans la pi\u00e8ce principale vous disposez d&rsquo;une grande table en ch\u00eane pouvant accueillir de dix \u00e0 douze personnes pour vos repas en famille ou entre amis.<\/p>\n\n\n\n<p>Pour un enfant une chaise haute vous est \u00e9galement propos\u00e9e.<\/p>\n<\/div><\/div>\n\n\n\n<div class=\"wp-block-media-text alignwide is-stacked-on-mobile\"><figure class=\"wp-block-media-text__media\"><img loading=\"lazy\" decoding=\"async\" width=\"384\" height=\"306\" src=\"https:\/\/domainedesvitarelles.fr\/wp-content\/uploads\/2022\/09\/bv000003.jpg\" alt=\"\" class=\"wp-image-48 size-full\" srcset=\"https:\/\/domainedesvitarelles.fr\/wp-content\/uploads\/2022\/09\/bv000003.jpg 384w, https:\/\/domainedesvitarelles.fr\/wp-content\/uploads\/2022\/09\/bv000003-300x239.jpg 300w\" sizes=\"auto, (max-width: 384px) 100vw, 384px\" \/><\/figure><div class=\"wp-block-media-text__content\">\n<p>Le coin salon est \u00e9quip\u00e9 d&rsquo;une t\u00e9l\u00e9vision et d&rsquo;un lecteur DVD.<\/p>\n<\/div><\/div>\n\n\n\n<div class=\"wp-block-media-text alignwide has-media-on-the-right is-stacked-on-mobile\"><figure class=\"wp-block-media-text__media\"><img loading=\"lazy\" decoding=\"async\" width=\"384\" height=\"306\" src=\"https:\/\/domainedesvitarelles.fr\/wp-content\/uploads\/2022\/09\/bv000004.jpg\" alt=\"\" class=\"wp-image-49 size-full\" srcset=\"https:\/\/domainedesvitarelles.fr\/wp-content\/uploads\/2022\/09\/bv000004.jpg 384w, https:\/\/domainedesvitarelles.fr\/wp-content\/uploads\/2022\/09\/bv000004-300x239.jpg 300w\" sizes=\"auto, (max-width: 384px) 100vw, 384px\" \/><\/figure><div class=\"wp-block-media-text__content\">\n<p>La propri\u00e9t\u00e9 comporte cinq chambres avec chacune un lit double, la plus grande a en plus deux lits superpos\u00e9s. Un lit parapluie est aussi \u00e0 votre disposition.<\/p>\n\n\n\n<p>Trois d&rsquo;entre elles se trouvent \u00e0 l&rsquo;\u00e9tage, la quatri\u00e8me au rez de chauss\u00e9e avec sa salle de douche. La derni\u00e8re est situ\u00e9e dans l&rsquo;ancien four \u00e0 pain&nbsp; avec ses propres toilettes et lave-main.&nbsp;<\/p>\n<\/div><\/div>\n\n\n\n<div class=\"wp-block-media-text alignwide is-stacked-on-mobile\"><figure class=\"wp-block-media-text__media\"><img loading=\"lazy\" decoding=\"async\" width=\"384\" height=\"306\" src=\"https:\/\/domainedesvitarelles.fr\/wp-content\/uploads\/2022\/09\/bv000005.jpg\" alt=\"\" class=\"wp-image-50 size-full\" srcset=\"https:\/\/domainedesvitarelles.fr\/wp-content\/uploads\/2022\/09\/bv000005.jpg 384w, https:\/\/domainedesvitarelles.fr\/wp-content\/uploads\/2022\/09\/bv000005-300x239.jpg 300w\" sizes=\"auto, (max-width: 384px) 100vw, 384px\" \/><\/figure><div class=\"wp-block-media-text__content\">\n<p>Une salle de bain et toilettes s\u00e9par\u00e9es \u00e0 l&rsquo;\u00e9tage, \u00e9galement un cabinet de toilettes au rez de chauss\u00e9e.<\/p>\n<\/div><\/div>\n\n\n\n<h2 class=\"wp-block-heading\">L&rsquo;ext\u00e9rieur<\/h2>\n\n\n\n<div class=\"wp-block-media-text alignwide has-media-on-the-right is-stacked-on-mobile\"><figure class=\"wp-block-media-text__media\"><img loading=\"lazy\" decoding=\"async\" width=\"384\" height=\"306\" src=\"https:\/\/domainedesvitarelles.fr\/wp-content\/uploads\/2022\/09\/bv000008.jpg\" alt=\"\" class=\"wp-image-52 size-full\" srcset=\"https:\/\/domainedesvitarelles.fr\/wp-content\/uploads\/2022\/09\/bv000008.jpg 384w, https:\/\/domainedesvitarelles.fr\/wp-content\/uploads\/2022\/09\/bv000008-300x239.jpg 300w\" sizes=\"auto, (max-width: 384px) 100vw, 384px\" \/><\/figure><div class=\"wp-block-media-text__content\">\n<p>La piscine de dix m\u00e8tres sur cinq et d&rsquo;une profondeur d&rsquo;un m\u00e8tre quarante sur toute sa surface vous permet \u00e0 la fois de nager ou de pouvoir jouer avec vos enfants.<\/p>\n\n\n\n<p>L&rsquo;acc\u00e8s se fait par un escalier d&rsquo;angle.<\/p>\n\n\n\n<p>Elle est s\u00e9curis\u00e9e par une alarme immerg\u00e9e.<\/p>\n<\/div><\/div>\n\n\n\n<div class=\"wp-block-media-text alignwide is-stacked-on-mobile\"><figure class=\"wp-block-media-text__media\"><img loading=\"lazy\" decoding=\"async\" width=\"384\" height=\"271\" src=\"https:\/\/domainedesvitarelles.fr\/wp-content\/uploads\/2022\/09\/bv000007.jpg\" alt=\"\" class=\"wp-image-53 size-full\" srcset=\"https:\/\/domainedesvitarelles.fr\/wp-content\/uploads\/2022\/09\/bv000007.jpg 384w, https:\/\/domainedesvitarelles.fr\/wp-content\/uploads\/2022\/09\/bv000007-300x212.jpg 300w\" sizes=\"auto, (max-width: 384px) 100vw, 384px\" \/><\/figure><div class=\"wp-block-media-text__content\">\n<p>Un portique et une table de ping pong sont \u00e0 votre disposition ainsi que divers jeux pour enfants : ballons, raquettes, boules de p\u00e9tanques etc.<\/p>\n<\/div><\/div>\n\n\n\n<div class=\"wp-block-media-text alignwide has-media-on-the-right is-stacked-on-mobile\"><figure class=\"wp-block-media-text__media\"><img loading=\"lazy\" decoding=\"async\" width=\"384\" height=\"306\" src=\"https:\/\/domainedesvitarelles.fr\/wp-content\/uploads\/2022\/09\/bv000010.jpg\" alt=\"\" class=\"wp-image-54 size-full\" srcset=\"https:\/\/domainedesvitarelles.fr\/wp-content\/uploads\/2022\/09\/bv000010.jpg 384w, https:\/\/domainedesvitarelles.fr\/wp-content\/uploads\/2022\/09\/bv000010-300x239.jpg 300w\" sizes=\"auto, (max-width: 384px) 100vw, 384px\" \/><\/figure><div class=\"wp-block-media-text__content\">\n<p>Le terrain de p\u00e9tanque priv\u00e9 se trouve derri\u00e8re le g\u00eete.<\/p>\n<\/div><\/div>\n\n\n\n<div class=\"wp-block-media-text alignwide is-stacked-on-mobile\"><figure class=\"wp-block-media-text__media\"><img loading=\"lazy\" decoding=\"async\" width=\"384\" height=\"266\" src=\"https:\/\/domainedesvitarelles.fr\/wp-content\/uploads\/2022\/09\/bv000006-1.jpg\" alt=\"\" class=\"wp-image-55 size-full\" srcset=\"https:\/\/domainedesvitarelles.fr\/wp-content\/uploads\/2022\/09\/bv000006-1.jpg 384w, https:\/\/domainedesvitarelles.fr\/wp-content\/uploads\/2022\/09\/bv000006-1-300x208.jpg 300w\" sizes=\"auto, (max-width: 384px) 100vw, 384px\" \/><\/figure><div class=\"wp-block-media-text__content\">\n<p>Vous pourrez ainsi profiter pleinement du calme de la campagne du P\u00e9rigord noir au milieu d&rsquo;une \u00e9tendue de pr\u00e9s et de bois de plusieurs hectares.<\/p>\n<\/div><\/div>\n\n\n\n<hr class=\"wp-block-separator has-alpha-channel-opacity\"\/>\n\n\n<div class=\"wp-block-image\">\n<figure class=\"aligncenter size-full\"><img loading=\"lazy\" decoding=\"async\" width=\"384\" height=\"306\" src=\"https:\/\/domainedesvitarelles.fr\/wp-content\/uploads\/2022\/09\/bv000009.jpg\" alt=\"\" class=\"wp-image-56\" srcset=\"https:\/\/domainedesvitarelles.fr\/wp-content\/uploads\/2022\/09\/bv000009.jpg 384w, https:\/\/domainedesvitarelles.fr\/wp-content\/uploads\/2022\/09\/bv000009-300x239.jpg 300w\" sizes=\"auto, (max-width: 384px) 100vw, 384px\" \/><\/figure>\n<\/div>","protected":false},"excerpt":{"rendered":"<p>L&rsquo;int\u00e9rieur Cette cuisine am\u00e9ricaine tout \u00e9quip\u00e9e\u00a0 vous propose quatre feux \u00e0 gaz, un four, un micro-ondes, un lave-vaisselle, une friteuse \u00e9lectrique, un grille-pain, une cafeti\u00e8re \u00e9lectrique, un r\u00e9frig\u00e9rateur\/cong\u00e9lateur situ\u00e9 dans le cellier, et bien s\u00fbr tous les autres ustensiles n\u00e9cessaires pour votre s\u00e9jour. Le lave-linge et le s\u00e8che-linge sont dans la buanderie. Dans la pi\u00e8ce &hellip; <\/p>\n<p class=\"link-more\"><a href=\"https:\/\/domainedesvitarelles.fr\/index.php\/le-gite\/\" class=\"more-link\">Continuer la lecture<span class=\"screen-reader-text\"> de &laquo;&nbsp;Le g\u00eete&nbsp;&raquo;<\/span><\/a><\/p>\n","protected":false},"author":1,"featured_media":0,"parent":0,"menu_order":0,"comment_status":"closed","ping_status":"closed","template":"","meta":{"footnotes":""},"class_list":["post-45","page","type-page","status-publish","hentry"],"_links":{"self":[{"href":"https:\/\/domainedesvitarelles.fr\/index.php\/wp-json\/wp\/v2\/pages\/45","targetHints":{"allow":["GET"]}}],"collection":[{"href":"https:\/\/domainedesvitarelles.fr\/index.php\/wp-json\/wp\/v2\/pages"}],"about":[{"href":"https:\/\/domainedesvitarelles.fr\/index.php\/wp-json\/wp\/v2\/types\/page"}],"author":[{"embeddable":true,"href":"https:\/\/domainedesvitarelles.fr\/index.php\/wp-json\/wp\/v2\/users\/1"}],"replies":[{"embeddable":true,"href":"https:\/\/domainedesvitarelles.fr\/index.php\/wp-json\/wp\/v2\/comments?post=45"}],"version-history":[{"count":1,"href":"https:\/\/domainedesvitarelles.fr\/index.php\/wp-json\/wp\/v2\/pages\/45\/revisions"}],"predecessor-version":[{"id":57,"href":"https:\/\/domainedesvitarelles.fr\/index.php\/wp-json\/wp\/v2\/pages\/45\/revisions\/57"}],"wp:attachment":[{"href":"https:\/\/domainedesvitarelles.fr\/index.php\/wp-json\/wp\/v2\/media?parent=45"}],"curies":[{"name":"wp","href":"https:\/\/api.w.org\/{rel}","templated":true}]}}