{"id":86,"date":"2022-09-05T09:50:08","date_gmt":"2022-09-05T09:50:08","guid":{"rendered":"https:\/\/domainedesvitarelles.fr\/?page_id=86"},"modified":"2022-09-05T09:50:08","modified_gmt":"2022-09-05T09:50:08","slug":"liens","status":"publish","type":"page","link":"https:\/\/domainedesvitarelles.fr\/index.php\/liens\/","title":{"rendered":"Liens"},"content":{"rendered":"\n<h2 class=\"wp-block-heading\">Bowling de l&rsquo;Osmoz<\/h2>\n\n\n\n<div class=\"wp-block-media-text alignwide is-stacked-on-mobile\"><figure class=\"wp-block-media-text__media\"><img loading=\"lazy\" decoding=\"async\" width=\"434\" height=\"216\" src=\"https:\/\/domainedesvitarelles.fr\/wp-content\/uploads\/2022\/09\/bowling.jpg\" alt=\"\" class=\"wp-image-87 size-full\" srcset=\"https:\/\/domainedesvitarelles.fr\/wp-content\/uploads\/2022\/09\/bowling.jpg 434w, https:\/\/domainedesvitarelles.fr\/wp-content\/uploads\/2022\/09\/bowling-300x149.jpg 300w\" sizes=\"auto, (max-width: 434px) 100vw, 434px\" \/><\/figure><div class=\"wp-block-media-text__content\">\n<p>Le Bowling de Sarlat vous accueil avec plaisir : Bowling 8 pistes, billards, baby foot, restaurant, pizzeria, pub, bar&#8230;<\/p>\n\n\n\n<p><a href=\"http:\/\/facebook.com\/losmoz\">Bowling L&rsquo;Osmoz<\/a><\/p>\n\n\n\n<p><\/p>\n<\/div><\/div>\n\n\n\n<h2 class=\"wp-block-heading\">La boutique du bois d&rsquo;enveaux<\/h2>\n\n\n\n<div class=\"wp-block-media-text alignwide is-stacked-on-mobile\"><figure class=\"wp-block-media-text__media\"><img loading=\"lazy\" decoding=\"async\" width=\"384\" height=\"187\" src=\"https:\/\/domainedesvitarelles.fr\/wp-content\/uploads\/2022\/09\/boutique.jpg\" alt=\"\" class=\"wp-image-88 size-full\" srcset=\"https:\/\/domainedesvitarelles.fr\/wp-content\/uploads\/2022\/09\/boutique.jpg 384w, https:\/\/domainedesvitarelles.fr\/wp-content\/uploads\/2022\/09\/boutique-300x146.jpg 300w\" sizes=\"auto, (max-width: 384px) 100vw, 384px\" \/><\/figure><div class=\"wp-block-media-text__content\">\n<p>Nich\u00e9e entre le c\u00e9l\u00e8bre ch\u00e2teau de Jos\u00e9phine Baker \u00ab\u00a0les\u00a0 Milandes\u00a0\u00bb et les bords de la Dordogne,<br>la \u00ab\u00a0Boutique des Bois d&rsquo;Enveaux\u00a0\u00bb vous propose de d\u00e9couvrir, de go\u00fbter, d&rsquo;offrir ou de vous offrir, les pures saveurs du Terroir P\u00e9rigourdin.<\/p>\n\n\n\n<p><a href=\"http:\/\/boisdenveaux.com\">Boutique du Bois D&rsquo;Enveaux<\/a><\/p>\n<\/div><\/div>\n\n\n\n<h2 class=\"wp-block-heading\">Ferme auberge des tilleuls<\/h2>\n\n\n\n<div class=\"wp-block-media-text alignwide is-stacked-on-mobile\"><figure class=\"wp-block-media-text__media\"><img loading=\"lazy\" decoding=\"async\" width=\"200\" height=\"200\" src=\"https:\/\/domainedesvitarelles.fr\/wp-content\/uploads\/2022\/09\/tilleul.jpg\" alt=\"\" class=\"wp-image-89 size-full\" srcset=\"https:\/\/domainedesvitarelles.fr\/wp-content\/uploads\/2022\/09\/tilleul.jpg 200w, https:\/\/domainedesvitarelles.fr\/wp-content\/uploads\/2022\/09\/tilleul-150x150.jpg 150w, https:\/\/domainedesvitarelles.fr\/wp-content\/uploads\/2022\/09\/tilleul-100x100.jpg 100w\" sizes=\"auto, (max-width: 200px) 100vw, 200px\" \/><\/figure><div class=\"wp-block-media-text__content\">\n<p>A l\u2018ombre des tilleuls (l\u2018\u00e9t\u00e9) ou pr\u00e8s du feu de chemin\u00e9e (l\u2018hiver), dans un cadre agr\u00e9able, une ambiance conviviale, nous serons attentifs \u00e0 vous servir des produits de qualit\u00e9, cuisin\u00e9s tout simplement selon les recettes de nos grands parents.\u00a0<\/p>\n\n\n\n<p><a href=\"http:\/\/facebook.com\/aubergedestilleuls24\/\">Auberge des tilleuls<\/a><\/p>\n<\/div><\/div>\n\n\n\n<h2 class=\"wp-block-heading\">Les montgolfi\u00e8res du P\u00e9rigord<\/h2>\n\n\n\n<div class=\"wp-block-media-text alignwide is-stacked-on-mobile\"><figure class=\"wp-block-media-text__media\"><img loading=\"lazy\" decoding=\"async\" width=\"330\" height=\"245\" src=\"https:\/\/domainedesvitarelles.fr\/wp-content\/uploads\/2022\/09\/montgolfiere.jpg\" alt=\"\" class=\"wp-image-91 size-full\" srcset=\"https:\/\/domainedesvitarelles.fr\/wp-content\/uploads\/2022\/09\/montgolfiere.jpg 330w, https:\/\/domainedesvitarelles.fr\/wp-content\/uploads\/2022\/09\/montgolfiere-300x223.jpg 300w\" sizes=\"auto, (max-width: 330px) 100vw, 330px\" \/><\/figure><div class=\"wp-block-media-text__content\">\n<p>Venez d\u00e9couvrir la splendeur de cette r\u00e9gion vue du ciel<br>Survolez la Dordogne en montgolfi\u00e8re<\/p>\n\n\n\n<p><a href=\"https:\/\/www.montgolfiere-du-perigord.com\/\">Montgolfi\u00e8res du P\u00e9rigord<\/a><\/p>\n<\/div><\/div>\n\n\n\n<h2 class=\"wp-block-heading\">Cano\u00eb d\u00e9couverte<\/h2>\n\n\n\n<div class=\"wp-block-media-text alignwide is-stacked-on-mobile\"><figure class=\"wp-block-media-text__media\"><img loading=\"lazy\" decoding=\"async\" width=\"600\" height=\"450\" src=\"https:\/\/domainedesvitarelles.fr\/wp-content\/uploads\/2022\/09\/canoe.jpg\" alt=\"\" class=\"wp-image-92 size-full\" srcset=\"https:\/\/domainedesvitarelles.fr\/wp-content\/uploads\/2022\/09\/canoe.jpg 600w, https:\/\/domainedesvitarelles.fr\/wp-content\/uploads\/2022\/09\/canoe-300x225.jpg 300w\" sizes=\"auto, (max-width: 600px) 100vw, 600px\" \/><\/figure><div class=\"wp-block-media-text__content\">\n<p>Cano\u00eb d\u00e9couvert est aujourd&rsquo;hui une r\u00e9f\u00e9rence incontournable dans le domaine de la randonn\u00e9e, qui vous accompagnera dans toute vos sorties et loisirs dans la vall\u00e9e de la Dordogne.<\/p>\n\n\n\n<p><a href=\"https:\/\/www.canoes-decouverte.fr\/en\/\">Cano\u00eb d\u00e9couverte<\/a><\/p>\n<\/div><\/div>\n\n\n\n<h2 class=\"wp-block-heading\">Golf de Lolivarie<\/h2>\n\n\n\n<div class=\"wp-block-media-text alignwide is-stacked-on-mobile\"><figure class=\"wp-block-media-text__media\"><img loading=\"lazy\" decoding=\"async\" width=\"200\" height=\"118\" src=\"https:\/\/domainedesvitarelles.fr\/wp-content\/uploads\/2022\/09\/olivarie.png\" alt=\"\" class=\"wp-image-93 size-full\"\/><\/figure><div class=\"wp-block-media-text__content\">\n<p>Golf 18 trous de 6000 m en plein c\u0153ur du P\u00e9rigord noir entre ch\u00e2teaux et sites pittoresques.<br>C&rsquo;est le long d&rsquo;un tout petit cours d&rsquo;eau, au milieu de grands ch\u00eanes, de peupliers et de saules que serpentent les fairways du parcours de Lolivarie.<br>Vous arpenterez un parcours technique convenant \u00e0 tous les niveaux de jeu, lieu id\u00e9al pour les stages de golf. Des comp\u00e9titions hebdomadaires sont organis\u00e9es tout au long de l&rsquo;ann\u00e9e.<\/p>\n\n\n\n<p><a href=\"https:\/\/www.lolivariegolfclub.com\/en\/\">Golf de Lolivarie<\/a><\/p>\n<\/div><\/div>\n\n\n\n<h2 class=\"wp-block-heading\">Les Gabares Norbert<\/h2>\n\n\n\n<div class=\"wp-block-media-text alignwide is-stacked-on-mobile\"><figure class=\"wp-block-media-text__media\"><img loading=\"lazy\" decoding=\"async\" width=\"469\" height=\"206\" src=\"https:\/\/domainedesvitarelles.fr\/wp-content\/uploads\/2022\/09\/gabarres.png\" alt=\"\" class=\"wp-image-94 size-full\" srcset=\"https:\/\/domainedesvitarelles.fr\/wp-content\/uploads\/2022\/09\/gabarres.png 469w, https:\/\/domainedesvitarelles.fr\/wp-content\/uploads\/2022\/09\/gabarres-300x132.png 300w\" sizes=\"auto, (max-width: 469px) 100vw, 469px\" \/><\/figure><div class=\"wp-block-media-text__content\">\n<p>C &lsquo;est \u00e0 bord de r\u00e9pliques de Gabares des XVIII et XIX \u00e8me si\u00e8cles et sur 3 circuits diff\u00e9rents que nous vous proposons de d\u00e9couvrir la Dordogne (Rivi\u00e8re Esp\u00e9rance) .<br>Sur les gabares Norbert, nous vous ferons d\u00e9couvrir, au fil de l&rsquo;eau, dans une concentration \u00e9tonnante quelques uns des sites les plus parlants du P\u00e9rigord noir.<\/p>\n\n\n\n<p><a href=\"https:\/\/www.gabarres.com\/?lang=en\">Les Gabares Norbert<\/a><\/p>\n<\/div><\/div>\n","protected":false},"excerpt":{"rendered":"<p>Bowling de l&rsquo;Osmoz Le Bowling de Sarlat vous accueil avec plaisir : Bowling 8 pistes, billards, baby foot, restaurant, pizzeria, pub, bar&#8230; Bowling L&rsquo;Osmoz La boutique du bois d&rsquo;enveaux Nich\u00e9e entre le c\u00e9l\u00e8bre ch\u00e2teau de Jos\u00e9phine Baker \u00ab\u00a0les\u00a0 Milandes\u00a0\u00bb et les bords de la Dordogne,la \u00ab\u00a0Boutique des Bois d&rsquo;Enveaux\u00a0\u00bb vous propose de d\u00e9couvrir, de go\u00fbter, &hellip; <\/p>\n<p class=\"link-more\"><a href=\"https:\/\/domainedesvitarelles.fr\/index.php\/liens\/\" class=\"more-link\">Continuer la lecture<span class=\"screen-reader-text\"> de &laquo;&nbsp;Liens&nbsp;&raquo;<\/span><\/a><\/p>\n","protected":false},"author":1,"featured_media":0,"parent":0,"menu_order":0,"comment_status":"closed","ping_status":"closed","template":"","meta":{"footnotes":""},"class_list":["post-86","page","type-page","status-publish","hentry"],"_links":{"self":[{"href":"https:\/\/domainedesvitarelles.fr\/index.php\/wp-json\/wp\/v2\/pages\/86","targetHints":{"allow":["GET"]}}],"collection":[{"href":"https:\/\/domainedesvitarelles.fr\/index.php\/wp-json\/wp\/v2\/pages"}],"about":[{"href":"https:\/\/domainedesvitarelles.fr\/index.php\/wp-json\/wp\/v2\/types\/page"}],"author":[{"embeddable":true,"href":"https:\/\/domainedesvitarelles.fr\/index.php\/wp-json\/wp\/v2\/users\/1"}],"replies":[{"embeddable":true,"href":"https:\/\/domainedesvitarelles.fr\/index.php\/wp-json\/wp\/v2\/comments?post=86"}],"version-history":[{"count":1,"href":"https:\/\/domainedesvitarelles.fr\/index.php\/wp-json\/wp\/v2\/pages\/86\/revisions"}],"predecessor-version":[{"id":95,"href":"https:\/\/domainedesvitarelles.fr\/index.php\/wp-json\/wp\/v2\/pages\/86\/revisions\/95"}],"wp:attachment":[{"href":"https:\/\/domainedesvitarelles.fr\/index.php\/wp-json\/wp\/v2\/media?parent=86"}],"curies":[{"name":"wp","href":"https:\/\/api.w.org\/{rel}","templated":true}]}}